{"id":1921,"date":"2024-03-05T14:49:28","date_gmt":"2024-03-05T14:49:28","guid":{"rendered":"https:\/\/jbtuinen-jardins.be\/conditions-generales\/"},"modified":"2024-03-15T09:00:10","modified_gmt":"2024-03-15T09:00:10","slug":"conditions-generales","status":"publish","type":"page","link":"https:\/\/jbtuinen-jardins.be\/fr\/conditions-generales\/","title":{"rendered":"Conditions g\u00e9n\u00e9rales"},"content":{"rendered":"\t\t<div data-elementor-type=\"wp-page\" data-elementor-id=\"1921\" class=\"elementor elementor-1921 elementor-1865\" data-elementor-post-type=\"page\">\n\t\t\t\t\t\t<section class=\"elementor-section elementor-top-section elementor-element elementor-element-32b65a32 elementor-section-boxed elementor-section-height-default elementor-section-height-default tf-sticky-section tf-sticky-no\" data-id=\"32b65a32\" data-element_type=\"section\" data-settings=\"{&quot;background_background&quot;:&quot;classic&quot;,&quot;tf_sticky&quot;:&quot;no&quot;,&quot;ekit_has_onepagescroll_dot&quot;:&quot;yes&quot;}\">\n\t\t\t\t\t\t<div class=\"elementor-container elementor-column-gap-default\">\n\t\t\t\t\t<div class=\"elementor-column elementor-col-100 elementor-top-column elementor-element elementor-element-0bc1b90\" data-id=\"0bc1b90\" data-element_type=\"column\" data-settings=\"{&quot;background_background&quot;:&quot;classic&quot;}\">\n\t\t\t<div class=\"elementor-widget-wrap elementor-element-populated\">\n\t\t\t\t\t\t<div class=\"elementor-element elementor-element-3ed3783 elementor-widget elementor-widget-text-editor\" data-id=\"3ed3783\" data-element_type=\"widget\" data-settings=\"{&quot;ekit_we_effect_on&quot;:&quot;none&quot;}\" data-widget_type=\"text-editor.default\">\n\t\t\t\t<div class=\"elementor-widget-container\">\n\t\t\t<style>\/*! elementor - v3.20.0 - 26-03-2024 *\/\n.elementor-widget-text-editor.elementor-drop-cap-view-stacked .elementor-drop-cap{background-color:#69727d;color:#fff}.elementor-widget-text-editor.elementor-drop-cap-view-framed .elementor-drop-cap{color:#69727d;border:3px solid;background-color:transparent}.elementor-widget-text-editor:not(.elementor-drop-cap-view-default) .elementor-drop-cap{margin-top:8px}.elementor-widget-text-editor:not(.elementor-drop-cap-view-default) .elementor-drop-cap-letter{width:1em;height:1em}.elementor-widget-text-editor .elementor-drop-cap{float:left;text-align:center;line-height:1;font-size:50px}.elementor-widget-text-editor .elementor-drop-cap-letter{display:inline-block}<\/style>\t\t\t\t<p>Derni\u00e8re mise \u00e0 jour : 05 d\u00e9cembre 2023<\/p><p>Veuillez lire attentivement les pr\u00e9sentes conditions g\u00e9n\u00e9rales avant d&rsquo;utiliser notre service.<\/p><p>Interpr\u00e9tation et d\u00e9finitions Interpr\u00e9tation<\/p><p>Les mots dont la premi\u00e8re lettre est en majuscule ont la signification d\u00e9finie dans les conditions suivantes. Les d\u00e9finitions suivantes ont la m\u00eame signification, qu&rsquo;elles apparaissent au singulier ou au pluriel.<\/p><p><strong>D\u00e9finitions<\/strong><\/p><p>Aux fins des pr\u00e9sentes conditions g\u00e9n\u00e9rales :<\/p><p>Affili\u00e9 d\u00e9signe une entit\u00e9 contr\u00f4l\u00e9e par, contr\u00f4lant ou sous contr\u00f4le commun avec une partie, le terme \u00ab\u00a0contr\u00f4le\u00a0\u00bb d\u00e9signant la propri\u00e9t\u00e9 de 50 % ou plus des actions, participations ou autres titres comportant un droit de vote pour l&rsquo;\u00e9lection des administrateurs ou d&rsquo;autres responsables de la gestion.<\/p><p>Le pays se r\u00e9f\u00e8re \u00e0 : Pays-Bas<\/p><p>La soci\u00e9t\u00e9 (d\u00e9sign\u00e9e par \u00ab\u00a0la soci\u00e9t\u00e9\u00a0\u00bb, \u00ab\u00a0nous\u00a0\u00bb, \u00ab\u00a0notre\u00a0\u00bb ou \u00ab\u00a0nos\u00a0\u00bb dans le pr\u00e9sent accord) est <strong>JB Tuinen Jardins, Baan naar Vlaanderen 68A, 7780 Komen-Waasten<\/strong>.<\/p><p>Appareil d\u00e9signe tout appareil pouvant acc\u00e9der au Service, tel qu&rsquo;un ordinateur, un t\u00e9l\u00e9phone mobile ou une tablette num\u00e9rique.<\/p><p>Service d\u00e9signe le site web.<\/p><p>Conditions g\u00e9n\u00e9rales (\u00e9galement appel\u00e9es \u00ab\u00a0conditions g\u00e9n\u00e9rales\u00a0\u00bb) : les pr\u00e9sentes conditions g\u00e9n\u00e9rales constituent l&rsquo;int\u00e9gralit\u00e9 de l&rsquo;accord conclu entre vous et la soci\u00e9t\u00e9 en ce qui concerne l&rsquo;utilisation du service. Ces conditions g\u00e9n\u00e9rales ont \u00e9t\u00e9 pr\u00e9par\u00e9es \u00e0 l&rsquo;aide du g\u00e9n\u00e9rateur de conditions g\u00e9n\u00e9rales.<\/p><p>Service de tiers sur les m\u00e9dias sociaux d\u00e9signe tout service ou contenu (y compris les donn\u00e9es, les informations, les produits ou les services) fourni par un tiers qui peut \u00eatre mis \u00e0 disposition, inclus ou rendu disponible par le Service.<\/p><p>Site Internet d\u00e9signe <strong>JB Gardens Jardins<\/strong>, accessible via <strong>jbtuinen-jardins.be<\/strong>.<\/p><p>Vous d\u00e9signe la personne physique qui acc\u00e8de au Service, ou la soci\u00e9t\u00e9 ou autre entit\u00e9 juridique au nom de laquelle une personne physique acc\u00e8de ou utilise le Service, le cas \u00e9ch\u00e9ant.<\/p><p><strong>Reconnaissance<\/strong><\/p><p>Les pr\u00e9sentes conditions g\u00e9n\u00e9rales r\u00e9gissent l&rsquo;utilisation de ce service et constituent l&rsquo;accord conclu entre vous et la soci\u00e9t\u00e9. Elles d\u00e9finissent les droits et les obligations de tous les utilisateurs en ce qui concerne l&rsquo;utilisation du service.<\/p><p>Votre acc\u00e8s au service et son utilisation sont subordonn\u00e9s \u00e0 votre acceptation et au respect des pr\u00e9sentes conditions g\u00e9n\u00e9rales. Les pr\u00e9sentes conditions g\u00e9n\u00e9rales s&rsquo;appliquent \u00e0 tous les visiteurs, utilisateurs et autres personnes qui acc\u00e8dent au service ou l&rsquo;utilisent.<\/p><p>En acc\u00e9dant au service ou en l&rsquo;utilisant, vous acceptez les pr\u00e9sentes conditions g\u00e9n\u00e9rales. Si vous n&rsquo;\u00eates pas d&rsquo;accord avec une partie de ces conditions, vous ne pouvez pas utiliser le service.<\/p><p>Vous certifiez que vous avez plus de 18 ans. La soci\u00e9t\u00e9 n&rsquo;autorise pas les personnes \u00e2g\u00e9es de moins de 18 ans \u00e0 utiliser le service.<\/p><p>Votre acc\u00e8s et votre utilisation du service sont \u00e9galement soumis \u00e0 votre acceptation et \u00e0 votre respect de la politique de confidentialit\u00e9 de la soci\u00e9t\u00e9. Notre politique de confidentialit\u00e9 d\u00e9crit nos politiques et proc\u00e9dures concernant la collecte, l&rsquo;utilisation et la divulgation de vos informations personnelles lorsque vous utilisez l&rsquo;application ou le site web, et vous informe de vos droits en mati\u00e8re de confidentialit\u00e9 et de la mani\u00e8re dont la loi vous prot\u00e8ge. Veuillez lire attentivement notre politique de confidentialit\u00e9 avant d&rsquo;utiliser notre service.<\/p><p><strong>Liens vers d&rsquo;autres sites web<\/strong><\/p><p>Notre Service peut contenir des liens vers des sites web ou des services de tiers qui ne sont pas d\u00e9tenus ou exploit\u00e9s par la Soci\u00e9t\u00e9.<\/p><p>La Soci\u00e9t\u00e9 n&rsquo;a aucun contr\u00f4le et n&rsquo;assume aucune responsabilit\u00e9 quant au contenu, aux politiques de confidentialit\u00e9 ou aux pratiques des sites web ou services tiers. En outre, vous reconnaissez et acceptez que la Soci\u00e9t\u00e9 ne soit pas responsable, directement ou indirectement, de tout dommage ou perte caus\u00e9 ou suppos\u00e9 caus\u00e9 par ou en relation avec l&rsquo;utilisation ou la confiance accord\u00e9e \u00e0 ce contenu, ces biens ou ces services disponibles sur ou par le biais de ces sites web ou services.<\/p><p>Nous vous encourageons vivement \u00e0 lire les conditions g\u00e9n\u00e9rales et les politiques de confidentialit\u00e9 des sites web ou services tiers que vous visitez.<\/p><p><strong>R\u00e9siliation<\/strong><\/p><p>Nous pouvons imm\u00e9diatement r\u00e9silier ou suspendre votre acc\u00e8s, sans pr\u00e9avis ni responsabilit\u00e9, pour quelque raison que ce soit, y compris, mais sans s&rsquo;y limiter, si vous enfreignez les pr\u00e9sentes conditions g\u00e9n\u00e9rales.<\/p><p>En cas de r\u00e9siliation, votre droit d&rsquo;utiliser le service prend fin imm\u00e9diatement.<\/p><p><strong>Limitation de responsabilit\u00e9<\/strong><\/p><p>Nonobstant tout dommage que vous pourriez subir, la responsabilit\u00e9 totale de la Soci\u00e9t\u00e9 et de ses fournisseurs en vertu de toute disposition des pr\u00e9sentes conditions et votre recours exclusif pour tout ce qui pr\u00e9c\u00e8de seront limit\u00e9s au montant effectivement pay\u00e9 par vous par l&rsquo;interm\u00e9diaire du service ou \u00e0 100 USD si vous n&rsquo;avez rien achet\u00e9 par l&rsquo;interm\u00e9diaire du service.<\/p><p>Dans la mesure maximale autoris\u00e9e par la loi applicable, la soci\u00e9t\u00e9 ou ses fournisseurs ne peuvent en aucun cas \u00eatre tenus responsables de dommages sp\u00e9ciaux, accessoires, indirects ou cons\u00e9cutifs (y compris, mais sans s&rsquo;y limiter, les dommages pour perte de b\u00e9n\u00e9fices, perte de donn\u00e9es ou d&rsquo;autres informations, interruption d&rsquo;activit\u00e9, pr\u00e9judice personnel, perte de la vie priv\u00e9e) d\u00e9coulant de ou dans le cadre de l&rsquo;utilisation des services de la soci\u00e9t\u00e9. perte de vie priv\u00e9e d\u00e9coulant de l&rsquo;utilisation du service, de logiciels de tiers et\/ou de mat\u00e9riel de tiers utilis\u00e9 avec le service, ou autrement en rapport avec toute disposition des pr\u00e9sentes conditions, m\u00eame si la soci\u00e9t\u00e9 ou un fournisseur a \u00e9t\u00e9 inform\u00e9 de la possibilit\u00e9 de tels dommages et m\u00eame si la r\u00e9cup\u00e9ration n&rsquo;atteint pas son objectif essentiel.<\/p><p>Certains \u00c9tats n&rsquo;autorisent pas l&rsquo;exclusion des garanties implicites ou la limitation de la responsabilit\u00e9 pour les dommages accessoires ou indirects, ce qui signifie que certaines des limitations susmentionn\u00e9es peuvent ne pas s&rsquo;appliquer. Dans ces \u00c9tats, la responsabilit\u00e9 de chaque partie sera limit\u00e9e dans toute la mesure permise par la loi.<\/p><p>Clause de non-responsabilit\u00e9 \u00ab\u00a0TELS QUELS\u00a0\u00bb et \u00ab\u00a0TELS QUE DISPONIBLES\u00a0\u00bb.<\/p><p>Le service vous est fourni \u00ab\u00a0TEL QUEL\u00a0\u00bb et \u00ab\u00a0TEL QUE DISPONIBLE\u00a0\u00bb, avec tous les d\u00e9fauts et toutes les d\u00e9ficiences, sans garantie d&rsquo;aucune sorte. Dans toute la mesure permise par la loi applicable, la Soci\u00e9t\u00e9, en son nom et au nom de ses soci\u00e9t\u00e9s affili\u00e9es et de leurs conc\u00e9dants et fournisseurs de services respectifs, d\u00e9cline express\u00e9ment toute garantie, expresse, implicite, l\u00e9gale ou autre, concernant le Service, y compris toute garantie implicite de qualit\u00e9 marchande, d&rsquo;ad\u00e9quation \u00e0 un usage particulier, de titre et d&rsquo;absence de contrefa\u00e7on, ainsi que les garanties pouvant d\u00e9couler de l&rsquo;usage commercial, des performances industrielles, de l&rsquo;usage ou des pratiques commerciales. Sans limiter la port\u00e9e de ce qui pr\u00e9c\u00e8de, la Soci\u00e9t\u00e9 ne donne aucune garantie et ne fait aucune d\u00e9claration de quelque nature que ce soit quant au fait que le Service r\u00e9pondra \u00e0 vos exigences, atteindra le r\u00e9sultat escompt\u00e9, sera compatible ou fonctionnera avec d&rsquo;autres logiciels, applications, syst\u00e8mes ou services, fonctionnera sans interruption, r\u00e9pondra \u00e0 toute norme de performance ou de fiabilit\u00e9, sera exempt d&rsquo;erreur ou que toute erreur ou tout d\u00e9faut peut \u00eatre corrig\u00e9 ou le sera.<\/p><p>Sans limiter la port\u00e9e de ce qui pr\u00e9c\u00e8de, ni la Soci\u00e9t\u00e9 ni aucun de ses fournisseurs ne font de d\u00e9claration ou de garantie expresse ou implicite de quelque nature que ce soit : (i) en ce qui concerne le fonctionnement ou la disponibilit\u00e9 du service, ou les informations, le contenu et les mat\u00e9riaux ou produits qui y sont affich\u00e9s ; (ii) que le service sera ininterrompu ou sans erreur ; (iii) en ce qui concerne l&rsquo;exactitude, la fiabilit\u00e9 ou l&rsquo;opportunit\u00e9 de toute information ou contenu fourni par le biais du service ; ou (iv) que le service, ses serveurs, son contenu ou les courriels envoy\u00e9s au nom de la soci\u00e9t\u00e9 sont exempts de virus, de scripts, de chevaux de Troie, de vers, de logiciels malveillants, de bombes \u00e0 retardement ou d&rsquo;autres composants nocifs.<\/p><p>Certaines juridictions n&rsquo;autorisent pas l&rsquo;exclusion de certains types de garanties ou la limitation des droits l\u00e9gaux applicables \u00e0 un consommateur, de sorte que tout ou partie des exclusions et limitations susmentionn\u00e9es peuvent ne pas s&rsquo;appliquer \u00e0 vous. Mais dans ce cas, les exclusions et limitations \u00e9nonc\u00e9es dans la pr\u00e9sente section s&rsquo;appliqueront dans toute la mesure permise par la loi applicable.<\/p><p><strong>Droit applicable<\/strong><\/p><p>Les lois du pays, \u00e0 l&rsquo;exclusion des r\u00e8gles relatives aux conflits de lois, r\u00e9giront les pr\u00e9sentes conditions et votre utilisation du service. Votre utilisation de l&rsquo;application peut \u00e9galement \u00eatre soumise \u00e0 d&rsquo;autres lois locales, nationales ou internationales.<\/p><p><strong>R\u00e9solution des litiges<\/strong><\/p><p>Si vous avez des pr\u00e9occupations ou un diff\u00e9rend concernant le Service, vous acceptez de tenter d&rsquo;abord de r\u00e9soudre le diff\u00e9rend de mani\u00e8re informelle en contactant la Soci\u00e9t\u00e9.<\/p><p><strong>Pour les utilisateurs de l&rsquo;Union europ\u00e9enne (UE)<\/strong><\/p><p>Si vous \u00eates un consommateur de l&rsquo;Union europ\u00e9enne, vous b\u00e9n\u00e9ficierez de toutes les dispositions obligatoires de la loi de votre pays de r\u00e9sidence.<\/p><p><strong>Respect de la l\u00e9gislation am\u00e9ricaine<\/strong><\/p><p>Vous d\u00e9clarez et garantissez que (i) vous n&rsquo;\u00eates pas situ\u00e9 dans un pays soumis \u00e0 un embargo du gouvernement am\u00e9ricain ou d\u00e9sign\u00e9 par le gouvernement am\u00e9ricain comme un \u00c9tat soutenant le terrorisme, et (ii) vous ne figurez pas sur une liste du gouvernement am\u00e9ricain de parties interdites ou soumises \u00e0 des restrictions.<\/p><p><strong>Divisibilit\u00e9 et renonciation<\/strong><\/p><p><strong>Divisibilit\u00e9<\/strong><\/p><p>Si l&rsquo;une des dispositions des pr\u00e9sentes conditions est jug\u00e9e inapplicable ou invalide, cette disposition sera modifi\u00e9e et interpr\u00e9t\u00e9e de mani\u00e8re \u00e0 atteindre les objectifs de ladite disposition dans toute la mesure permise par le droit applicable, et les autres dispositions resteront pleinement en vigueur.<\/p><p><strong>Renonciation<\/strong><\/p><p>Sauf indication contraire dans le pr\u00e9sent document, le fait de ne pas exercer un droit ou de ne pas exiger l&rsquo;ex\u00e9cution d&rsquo;une obligation en vertu des pr\u00e9sentes conditions n&rsquo;affecte pas la capacit\u00e9 d&rsquo;une partie \u00e0 exercer ce droit ou \u00e0 exiger cette ex\u00e9cution \u00e0 tout moment par la suite, et la renonciation \u00e0 une violation ne constitue pas une renonciation \u00e0 une violation ult\u00e9rieure.<\/p><p><strong>Traduction Interpr\u00e9tation<\/strong><\/p><p>Les pr\u00e9sentes conditions g\u00e9n\u00e9rales peuvent \u00eatre traduites si nous les avons mises \u00e0 disposition sur notre service.<\/p><p>Vous acceptez que le texte original en anglais pr\u00e9vale en cas de litige.<\/p><p><strong>Modifications des pr\u00e9sentes conditions g\u00e9n\u00e9rales<\/strong><\/p><p>Nous nous r\u00e9servons le droit, \u00e0 notre seule discr\u00e9tion, de r\u00e9viser ou de remplacer les pr\u00e9sentes conditions g\u00e9n\u00e9rales \u00e0 tout moment. Si une r\u00e9vision est importante, nous nous efforcerons raisonnablement de fournir un pr\u00e9avis d&rsquo;au moins 30 jours avant l&rsquo;entr\u00e9e en vigueur des nouvelles conditions. Ce qui est consid\u00e9r\u00e9 comme un changement important sera d\u00e9termin\u00e9 \u00e0 notre seule discr\u00e9tion.<\/p><p>En continuant \u00e0 acc\u00e9der \u00e0 notre service ou \u00e0 l&rsquo;utiliser apr\u00e8s l&rsquo;entr\u00e9e en vigueur de ces r\u00e9visions, vous acceptez les conditions r\u00e9vis\u00e9es. Si vous n&rsquo;\u00eates pas d&rsquo;accord avec les nouvelles conditions, en tout ou en partie, veuillez cesser d&rsquo;utiliser le site web et le service.<\/p><p>Contactez nous<\/p><p>Si vous avez des questions concernant les pr\u00e9sentes conditions g\u00e9n\u00e9rales, veuillez nous contacter :<\/p><p>Par courrier \u00e9lectronique : <strong>info@jbtuinen-jardins.be<\/strong><\/p><p>En visitant cette page de notre site web : <strong>jbtuinen-jardins.be\/contact\/<\/strong><\/p><p>Par t\u00e9l\u00e9phone : <strong>0495 50 18 04<\/strong><\/p>\t\t\t\t\t\t<\/div>\n\t\t\t\t<\/div>\n\t\t\t\t\t<\/div>\n\t\t<\/div>\n\t\t\t\t\t<\/div>\n\t\t<\/section>\n\t\t\t\t<\/div>\n\t\t","protected":false},"excerpt":{"rendered":"<p>Derni\u00e8re mise \u00e0 jour : 05 d\u00e9cembre 2023 Veuillez lire attentivement les pr\u00e9sentes conditions g\u00e9n\u00e9rales avant d&rsquo;utiliser notre service. Interpr\u00e9tation et d\u00e9finitions Interpr\u00e9tation Les mots dont la premi\u00e8re lettre est en majuscule ont la signification d\u00e9finie dans les conditions suivantes. Les d\u00e9finitions suivantes ont la m\u00eame signification, qu&rsquo;elles apparaissent au singulier ou au pluriel. D\u00e9finitions [&hellip;]<\/p>\n","protected":false},"author":1,"featured_media":0,"parent":0,"menu_order":0,"comment_status":"closed","ping_status":"closed","template":"elementor_header_footer","meta":{"footnotes":""},"_links":{"self":[{"href":"https:\/\/jbtuinen-jardins.be\/fr\/wp-json\/wp\/v2\/pages\/1921"}],"collection":[{"href":"https:\/\/jbtuinen-jardins.be\/fr\/wp-json\/wp\/v2\/pages"}],"about":[{"href":"https:\/\/jbtuinen-jardins.be\/fr\/wp-json\/wp\/v2\/types\/page"}],"author":[{"embeddable":true,"href":"https:\/\/jbtuinen-jardins.be\/fr\/wp-json\/wp\/v2\/users\/1"}],"replies":[{"embeddable":true,"href":"https:\/\/jbtuinen-jardins.be\/fr\/wp-json\/wp\/v2\/comments?post=1921"}],"version-history":[{"count":7,"href":"https:\/\/jbtuinen-jardins.be\/fr\/wp-json\/wp\/v2\/pages\/1921\/revisions"}],"predecessor-version":[{"id":2019,"href":"https:\/\/jbtuinen-jardins.be\/fr\/wp-json\/wp\/v2\/pages\/1921\/revisions\/2019"}],"wp:attachment":[{"href":"https:\/\/jbtuinen-jardins.be\/fr\/wp-json\/wp\/v2\/media?parent=1921"}],"curies":[{"name":"wp","href":"https:\/\/api.w.org\/{rel}","templated":true}]}}